{"id":1392,"date":"2025-05-21T15:16:25","date_gmt":"2025-05-21T15:16:25","guid":{"rendered":"http:\/\/localhost:10068\/?post_type=product&#038;p=1392"},"modified":"2025-07-23T08:08:07","modified_gmt":"2025-07-23T08:08:07","slug":"type-nc","status":"publish","type":"product","link":"https:\/\/led-one.es\/es\/product\/type-nc\/","title":{"rendered":"TYPE NC"},"content":{"rendered":"<p><span style=\"font-weight: 400;\">La luz \u00e1mbar que produce es visible en 360 grados a una milla de distancia, por lo que no solo te protege a ti, sino tambi\u00e9n a otros conductores para evitar posibles accidentes. Se fija f\u00e1cilmente al veh\u00edculo gracias a su placa magn\u00e9tica en el interior. La seguridad es lo m\u00e1s importante en la carretera.<\/span><span style=\"font-weight: 400;\"><br \/>\n<\/span><span style=\"font-weight: 400;\"><br \/>\n<\/span><span style=\"font-weight: 400;\">El m\u00e9todo de uso es muy sencillo. El dispositivo tiene un bot\u00f3n de encendido\/apagado en la parte superior. Al presionarlo, se encender\u00e1 y empezar\u00e1 a parpadear. Para apagarlo, simplemente presi\u00f3nelo de nuevo.\u00a0<\/span><\/p>\n<p><span style=\"font-weight: 400;\">Per cambiare la batteria, basta aprire il coperchio della batteria e sostituire le 3 batterie alcaline AAA incluse. <\/span><span style=\"font-weight: 400;\"><br \/>\n<\/span><span style=\"font-weight: 400;\"><br \/>\n<\/span><span style=\"font-weight: 400;\">Esta luz de seguridad tiene clasificaci\u00f3n IP54, lo que la hace resistente a la lluvia y al polvo. Tiene una resistencia al viento de 180 pascales, equivalente aproximadamente al viento generado por un hurac\u00e1n.<\/span><\/p>","protected":false},"excerpt":{"rendered":"<p><span style=\"font-weight: 400;\">Luz de emergencia LED V16, visibilidad a m\u00e1s de 1 km en todas direcciones. Esta versi\u00f3n no est\u00e1 conectada.<\/span><\/p>","protected":false},"featured_media":2062,"comment_status":"open","ping_status":"closed","template":"","meta":[],"product_brand":[],"product_cat":[88],"product_tag":[54,53,55],"class_list":{"0":"post-1392","1":"product","2":"type-product","3":"status-publish","4":"has-post-thumbnail","6":"product_cat-leds-it","7":"product_tag-batteria","8":"product_tag-led","9":"product_tag-magnetico","12":"instock","13":"shipping-taxable","14":"purchasable","15":"product-type-simple","16":"product-grid-view"},"_links":{"self":[{"href":"https:\/\/led-one.es\/es\/wp-json\/wp\/v2\/product\/1392","targetHints":{"allow":["GET"]}}],"collection":[{"href":"https:\/\/led-one.es\/es\/wp-json\/wp\/v2\/product"}],"about":[{"href":"https:\/\/led-one.es\/es\/wp-json\/wp\/v2\/types\/product"}],"replies":[{"embeddable":true,"href":"https:\/\/led-one.es\/es\/wp-json\/wp\/v2\/comments?post=1392"}],"wp:featuredmedia":[{"embeddable":true,"href":"https:\/\/led-one.es\/es\/wp-json\/wp\/v2\/media\/2062"}],"wp:attachment":[{"href":"https:\/\/led-one.es\/es\/wp-json\/wp\/v2\/media?parent=1392"}],"wp:term":[{"taxonomy":"product_brand","embeddable":true,"href":"https:\/\/led-one.es\/es\/wp-json\/wp\/v2\/product_brand?post=1392"},{"taxonomy":"product_cat","embeddable":true,"href":"https:\/\/led-one.es\/es\/wp-json\/wp\/v2\/product_cat?post=1392"},{"taxonomy":"product_tag","embeddable":true,"href":"https:\/\/led-one.es\/es\/wp-json\/wp\/v2\/product_tag?post=1392"}],"curies":[{"name":"wp","href":"https:\/\/api.w.org\/{rel}","templated":true}]}}