{"id":1349,"date":"2025-05-21T13:27:27","date_gmt":"2025-05-21T13:27:27","guid":{"rendered":"http:\/\/localhost:10068\/?post_type=product&#038;p=1349"},"modified":"2025-07-25T07:41:51","modified_gmt":"2025-07-25T07:41:51","slug":"type-c","status":"publish","type":"product","link":"https:\/\/led-one.es\/es\/product\/type-c\/","title":{"rendered":"Type C"},"content":{"rendered":"<p><span style=\"font-weight: 400;\">Con questa luce di emergenza, puoi sentirti al sicuro in caso di guasto o incidente. La tecnologia Nb &#8211; IOT che utilizza offre una copertura speciale che consente di lavorare dove il segnale \u00e8 scarso. \u00c8 incorporato con GPS e prepagato Chip-Sim, valido per 12 anni (valido dal 2026 e valido fino al 2038). Verr\u00e0 inviato automaticamente un avviso alle autorit\u00e0 e informer\u00e0 gli altri utenti della vostra posizione geografica collegata tramite DGT 3.0. <\/span><span style=\"font-weight: 400;\"><br \/>\n<\/span><span style=\"font-weight: 400;\"><br \/>\n<\/span><span style=\"font-weight: 400;\">La luz \u00e1mbar que produce es visible en 360 grados a una milla de distancia, por lo que no solo te protege a ti, sino tambi\u00e9n a otros conductores para evitar posibles accidentes. Se fija f\u00e1cilmente al veh\u00edculo gracias a su placa magn\u00e9tica en el interior. La seguridad es lo m\u00e1s importante en la carretera.<\/span><span style=\"font-weight: 400;\"><br \/>\n<\/span><span style=\"font-weight: 400;\"><br \/>\n<\/span><span style=\"font-weight: 400;\">Il metodo di utilizzo \u00e8 molto semplice. Il dispositivo ha un pulsante di accensione\/spegnimento sulla parte superiore. Una volta premuto, il dispositivo si accender\u00e0, inizier\u00e0 a lampeggiare e cercher\u00e0 automaticamente il segnale NB-IoT e GPS e invier\u00e0 un messaggio a DGT dopo 100 secondi. Per spegnere il dispositivo baster\u00e0 semplicemente premere nuovamente.\u00a0<\/span><\/p>\n<p class=\"p1\"><span style=\"font-weight: 400;\">Per cambiare la batteria, basta aprire il coperchio della batteria e sostituire le 3 batterie alcaline AA incluse. <\/span><span style=\"font-weight: 400;\"><br \/>\n<\/span><span style=\"font-weight: 400;\"><br \/>\n<\/span><span style=\"font-weight: 400;\">Esta luz de seguridad tiene clasificaci\u00f3n IP54, lo que la hace resistente a la lluvia y al polvo. Tiene una resistencia al viento de 180 pascales, equivalente aproximadamente al viento generado por un hurac\u00e1n.<\/span><\/p>\n<p>&nbsp;<\/p>\n<ol>\n<li data-start=\"57\" data-end=\"127\">\n<p data-start=\"59\" data-end=\"127\">Questa luce \u00e8 installata con una scheda SIM NB-IoT di <strong data-start=\"113\" data-end=\"127\">TELEFONICA<\/strong><\/p>\n<\/li>\n<li data-start=\"128\" data-end=\"222\">\n<p data-start=\"130\" data-end=\"222\">Questa luce funziona tramite connessione <strong data-start=\"171\" data-end=\"181\">NB-IoT<\/strong> e sistema di <strong data-start=\"195\" data-end=\"222\">geolocalizzazione (GPS)<\/strong><\/p>\n<\/li>\n<li data-start=\"223\" data-end=\"265\">\n<p data-start=\"225\" data-end=\"265\">La frequenza di lampeggio \u00e8 <strong data-start=\"253\" data-end=\"265\">0,8\u20132 Hz<\/strong><\/p>\n<\/li>\n<li data-start=\"266\" data-end=\"371\">\n<p data-start=\"268\" data-end=\"371\">Visibile a <strong data-start=\"279\" data-end=\"292\">360 gradi<\/strong> con un&#8217;inclinazione di <strong data-start=\"316\" data-end=\"328\">\u00b18 gradi<\/strong> (alto\/basso) e fino a <strong data-start=\"351\" data-end=\"371\">1 km di distanza<\/strong><\/p>\n<\/li>\n<li data-start=\"372\" data-end=\"451\">\n<p data-start=\"374\" data-end=\"451\">L&#8217;intensit\u00e0 luminosa \u00e8 di <strong data-start=\"400\" data-end=\"413\">40\u2013700 cd<\/strong> a 0 gradi, e <strong data-start=\"427\" data-end=\"440\">25\u2013600 cd<\/strong> a \u00b18 gradi<\/p>\n<\/li>\n<li data-start=\"452\" data-end=\"520\">\n<p data-start=\"454\" data-end=\"520\">Il tempo di lampeggio all\u2019intensit\u00e0 richiesta \u00e8 di circa <strong data-start=\"511\" data-end=\"520\">2 ore<\/strong><\/p>\n<\/li>\n<li data-start=\"521\" data-end=\"611\">\n<p data-start=\"523\" data-end=\"611\">Tempo di accensione massimo: <strong data-start=\"552\" data-end=\"567\">0,4 secondi<\/strong>, tempo minimo di spegnimento: <strong data-start=\"598\" data-end=\"611\">1 secondo<\/strong><\/p>\n<\/li>\n<li data-start=\"612\" data-end=\"662\">\n<p data-start=\"614\" data-end=\"662\">Temperatura di funzionamento: <strong data-start=\"644\" data-end=\"662\">da -10 a +50\u00b0C<\/strong><\/p>\n<\/li>\n<li data-start=\"663\" data-end=\"752\">\n<p data-start=\"665\" data-end=\"752\">Questa luce ha grado di protezione <strong data-start=\"700\" data-end=\"708\">IP54<\/strong> ed \u00e8 resistente al vento fino a <strong data-start=\"741\" data-end=\"752\">+180 Pa<\/strong><\/p>\n<\/li>\n<\/ol>","protected":false},"excerpt":{"rendered":"<p class=\"p1 translation-block\">Luz de emergencia LED V16, visibilidad superior a 1 km en todas direcciones. Esta versi\u00f3n est\u00e1 conectada a <strong>Telef\u00f3nica Tech.<\/strong><\/p>","protected":false},"featured_media":2063,"comment_status":"open","ping_status":"closed","template":"","meta":[],"product_brand":[],"product_cat":[88],"product_tag":[54,53,55],"class_list":{"0":"post-1349","1":"product","2":"type-product","3":"status-publish","4":"has-post-thumbnail","6":"product_cat-leds-it","7":"product_tag-batteria","8":"product_tag-led","9":"product_tag-magnetico","12":"instock","13":"shipping-taxable","14":"purchasable","15":"product-type-simple","16":"product-grid-view"},"_links":{"self":[{"href":"https:\/\/led-one.es\/es\/wp-json\/wp\/v2\/product\/1349","targetHints":{"allow":["GET"]}}],"collection":[{"href":"https:\/\/led-one.es\/es\/wp-json\/wp\/v2\/product"}],"about":[{"href":"https:\/\/led-one.es\/es\/wp-json\/wp\/v2\/types\/product"}],"replies":[{"embeddable":true,"href":"https:\/\/led-one.es\/es\/wp-json\/wp\/v2\/comments?post=1349"}],"wp:featuredmedia":[{"embeddable":true,"href":"https:\/\/led-one.es\/es\/wp-json\/wp\/v2\/media\/2063"}],"wp:attachment":[{"href":"https:\/\/led-one.es\/es\/wp-json\/wp\/v2\/media?parent=1349"}],"wp:term":[{"taxonomy":"product_brand","embeddable":true,"href":"https:\/\/led-one.es\/es\/wp-json\/wp\/v2\/product_brand?post=1349"},{"taxonomy":"product_cat","embeddable":true,"href":"https:\/\/led-one.es\/es\/wp-json\/wp\/v2\/product_cat?post=1349"},{"taxonomy":"product_tag","embeddable":true,"href":"https:\/\/led-one.es\/es\/wp-json\/wp\/v2\/product_tag?post=1349"}],"curies":[{"name":"wp","href":"https:\/\/api.w.org\/{rel}","templated":true}]}}